{"id":3484,"date":"2015-10-22T04:04:43","date_gmt":"2015-10-22T03:04:43","guid":{"rendered":"https:\/\/wheelerdealertenerife.com\/about-us\/"},"modified":"2022-02-10T16:35:13","modified_gmt":"2022-02-10T16:35:13","slug":"sobre-nosotros","status":"publish","type":"page","link":"https:\/\/www.wheelerdealertenerife.com\/es\/sobre-nosotros\/","title":{"rendered":"Sobre nosotros"},"content":{"rendered":"<p>[vc_row css=&#8221;.vc_custom_1445496852478{margin-top: 40px !important;margin-bottom: 51px !important;}&#8221;][vc_column width=&#8221;1\/2&#8243; el_class=&#8221;stm-col-pad-right&#8221;][vc_single_image image=&#8221;3534&#8243; img_size=&#8221;full&#8221; stm_fancybox=&#8221;yes&#8221; css=&#8221;.vc_custom_1574779569893{margin-bottom: 35px !important;}&#8221;][\/vc_column][vc_column width=&#8221;1\/2&#8243; el_class=&#8221;stm-col-pad-left&#8221;][vc_column_text]<\/p>\n<h3 style=\"margin-bottom: 18px;\"><span style=\"color: #808080;\">WELCOME TO<\/span> <span style=\"color: #000d54;\">WHEELER DEALER<\/span><\/h3>\n<p>Si est\u00e1 buscando grandes ahorros en coches usados de calidad en Tenerife, entonces ha llegado al lugar correcto.<br \/>\nSomos conscientes de que comprar un coche usado puede ser una experiencia desalentadora, pero no te preocupes<\/p>\n<p>Estamos establecidos aqu\u00ed en Tenerife desde 1994 y hemos ayudado a miles de expatriados a comprar y vender sus coches usados de calidad y tambi\u00e9n manteniendo toda la documentaci\u00f3n simple para que usted entienda todo lo que est\u00e1 pasando.<\/p>\n<p>Adem\u00e1s, ofrecemos un excelente asesoramiento y experiencia en materia de veh\u00edculos y su mantenimiento.<\/p>\n<p>Nuestro amable personal har\u00e1 un esfuerzo adicional para garantizar que reciba el asesoramiento que necesita. Porque nuestra gran reputaci\u00f3n es la raz\u00f3n por la que muchos de nuestros clientes siguen acudiendo a nosotros.<\/p>\n<p>No s\u00f3lo vendemos coches usados, sino que hacemos todo lo posible para que conduzcas tu coche perfecto.<\/p>\n<p>Ac\u00e9rquese a nuestro concesionario en Las Chafiras, estamos deseando conocerle.<\/p>\n<p><span style=\"color: #888888;\"><em> \u2014 Paul James, Owner<\/em><\/span>[\/vc_column_text][\/vc_column][\/vc_row][vc_row css=&#8221;.vc_custom_1445594570930{margin-bottom: 83px !important;}&#8221;][vc_column width=&#8221;1\/2&#8243; el_class=&#8221;stm-col-pad-right&#8221;][vc_column_text css=&#8221;.vc_custom_1574009340448{margin-bottom: 23px !important;}&#8221;]<\/p>\n<h3>NUESTROS SERVICIOS<\/h3>\n<p>[\/vc_column_text][vc_separator css=&#8221;.vc_custom_1445496980428{margin-bottom: 19px !important;}&#8221;][vc_column_text css=&#8221;.vc_custom_1574009445708{margin-bottom: 24px !important;}&#8221;]Con nosotros no s\u00f3lo encontrar\u00e1 los mejores coches, sino tambi\u00e9n mucho m\u00e1s.[\/vc_column_text][vc_column_text]<\/p>\n<ul class=\"list-style-1\">\n<li>Servicio mec\u00e1nico<\/li>\n<li>Venta y compra de coches<\/li>\n<li>Insurance<\/li>\n<li>Lavado de coches<\/li>\n<li>Almacenamiento de coches<\/li>\n<li>Tapestry<\/li>\n<\/ul>\n<p>[\/vc_column_text][\/vc_column][vc_column width=&#8221;1\/2&#8243; el_class=&#8221;stm-col-pad-left&#8221;][vc_single_image image=&#8221;3538&#8243; img_size=&#8221;full&#8221; stm_fancybox=&#8221;yes&#8221; css=&#8221;.vc_custom_1574779695529{margin-bottom: 35px !important;}&#8221;][\/vc_column][\/vc_row]<\/p>\n","protected":false},"excerpt":{"rendered":"<p>[vc_row css=&#8221;.vc_custom_1445496852478{margin-top: 40px !important;margin-bottom: 51px !important;}&#8221;][vc_column width=&#8221;1\/2&#8243; el_class=&#8221;stm-col-pad-right&#8221;][vc_single_image image=&#8221;3534&#8243; img_size=&#8221;full&#8221; stm_fancybox=&#8221;yes&#8221; css=&#8221;.vc_custom_1574779569893{margin-bottom: 35px !important;}&#8221;][\/vc_column][vc_column width=&#8221;1\/2&#8243; el_class=&#8221;stm-col-pad-left&#8221;][vc_column_text] WELCOME TO WHEELER DEALER Si est\u00e1 buscando grandes ahorros en coches usados de calidad en Tenerife, entonces ha llegado al lugar correcto. Somos conscientes de que comprar un coche usado puede ser una experiencia desalentadora, pero no te preocupes&#8230;<\/p>\n","protected":false},"author":5,"featured_media":0,"parent":0,"menu_order":0,"comment_status":"closed","ping_status":"closed","template":"","meta":[],"yoast_head":"<!-- This site is optimized with the Yoast SEO plugin v20.6 - https:\/\/yoast.com\/wordpress\/plugins\/seo\/ -->\n<title>Sobre nosotros - wheelerdealertenerife.com<\/title>\n<meta name=\"description\" content=\"WELCOME TO WHEELER DEALER - Si usted est\u00e1 buscando grandes ahorros en la calidad de los coches usados en Tenerife, entonces usted ha llegado al lugar correcto.nos damos cuenta de que la compra de un coche usado puede ser una experiencia desalentadora, pero no se preocupeestamos establecidos aqu\u00ed en Tenerife desde 1994 y hemos ayudado a miles de expatriados para comprar y vender sus coches usados de calidad y tambi\u00e9n mantener toda la documentaci\u00f3n simple para que usted entienda todo lo que est\u00e1 pasando.adem\u00e1s, ofrecemos un excelente asesoramiento y experiencia en los veh\u00edculos y el mantenimiento del veh\u00edculo.nuestro personal amable ir\u00e1 la milla extra para garantizar que usted reciba el asesoramiento que necesita. Traducci\u00f3n realizada con la versi\u00f3n gratuita del traductor www.DeepL.com\/Translator No s\u00f3lo vendemos coches de segunda mano, sino que hacemos todo lo posible para que usted conduzca su coche perfecto.\" \/>\n<meta name=\"robots\" content=\"index, follow, max-snippet:-1, max-image-preview:large, max-video-preview:-1\" \/>\n<link rel=\"canonical\" href=\"https:\/\/www.wheelerdealertenerife.com\/es\/sobre-nosotros\/\" \/>\n<meta property=\"og:locale\" content=\"es_ES\" \/>\n<meta property=\"og:type\" content=\"article\" \/>\n<meta property=\"og:title\" content=\"Sobre nosotros - wheelerdealertenerife.com\" \/>\n<meta property=\"og:description\" content=\"WELCOME TO WHEELER DEALER - Si usted est\u00e1 buscando grandes ahorros en la calidad de los coches usados en Tenerife, entonces usted ha llegado al lugar correcto.nos damos cuenta de que la compra de un coche usado puede ser una experiencia desalentadora, pero no se preocupeestamos establecidos aqu\u00ed en Tenerife desde 1994 y hemos ayudado a miles de expatriados para comprar y vender sus coches usados de calidad y tambi\u00e9n mantener toda la documentaci\u00f3n simple para que usted entienda todo lo que est\u00e1 pasando.adem\u00e1s, ofrecemos un excelente asesoramiento y experiencia en los veh\u00edculos y el mantenimiento del veh\u00edculo.nuestro personal amable ir\u00e1 la milla extra para garantizar que usted reciba el asesoramiento que necesita. Traducci\u00f3n realizada con la versi\u00f3n gratuita del traductor www.DeepL.com\/Translator No s\u00f3lo vendemos coches de segunda mano, sino que hacemos todo lo posible para que usted conduzca su coche perfecto.\" \/>\n<meta property=\"og:url\" content=\"https:\/\/www.wheelerdealertenerife.com\/es\/sobre-nosotros\/\" \/>\n<meta property=\"og:site_name\" content=\"wheelerdealertenerife.com\" \/>\n<meta property=\"article:publisher\" content=\"https:\/\/www.facebook.com\/WheelerDealersTenerife\/\" \/>\n<meta property=\"article:modified_time\" content=\"2022-02-10T16:35:13+00:00\" \/>\n<meta name=\"twitter:card\" content=\"summary_large_image\" \/>\n<meta name=\"twitter:label1\" content=\"Tiempo de lectura\" \/>\n\t<meta name=\"twitter:data1\" content=\"2 minutos\" \/>\n<script type=\"application\/ld+json\" class=\"yoast-schema-graph\">{\"@context\":\"https:\/\/schema.org\",\"@graph\":[{\"@type\":\"WebPage\",\"@id\":\"https:\/\/www.wheelerdealertenerife.com\/es\/sobre-nosotros\/\",\"url\":\"https:\/\/www.wheelerdealertenerife.com\/es\/sobre-nosotros\/\",\"name\":\"Sobre nosotros - wheelerdealertenerife.com\",\"isPartOf\":{\"@id\":\"https:\/\/www.wheelerdealertenerife.com\/es\/#website\"},\"datePublished\":\"2015-10-22T03:04:43+00:00\",\"dateModified\":\"2022-02-10T16:35:13+00:00\",\"description\":\"WELCOME TO WHEELER DEALER - Si usted est\u00e1 buscando grandes ahorros en la calidad de los coches usados en Tenerife, entonces usted ha llegado al lugar correcto.nos damos cuenta de que la compra de un coche usado puede ser una experiencia desalentadora, pero no se preocupeestamos establecidos aqu\u00ed en Tenerife desde 1994 y hemos ayudado a miles de expatriados para comprar y vender sus coches usados de calidad y tambi\u00e9n mantener toda la documentaci\u00f3n simple para que usted entienda todo lo que est\u00e1 pasando.adem\u00e1s, ofrecemos un excelente asesoramiento y experiencia en los veh\u00edculos y el mantenimiento del veh\u00edculo.nuestro personal amable ir\u00e1 la milla extra para garantizar que usted reciba el asesoramiento que necesita. Traducci\u00f3n realizada con la versi\u00f3n gratuita del traductor www.DeepL.com\/Translator No s\u00f3lo vendemos coches de segunda mano, sino que hacemos todo lo posible para que usted conduzca su coche perfecto.\",\"breadcrumb\":{\"@id\":\"https:\/\/www.wheelerdealertenerife.com\/es\/sobre-nosotros\/#breadcrumb\"},\"inLanguage\":\"es\",\"potentialAction\":[{\"@type\":\"ReadAction\",\"target\":[\"https:\/\/www.wheelerdealertenerife.com\/es\/sobre-nosotros\/\"]}]},{\"@type\":\"BreadcrumbList\",\"@id\":\"https:\/\/www.wheelerdealertenerife.com\/es\/sobre-nosotros\/#breadcrumb\",\"itemListElement\":[{\"@type\":\"ListItem\",\"position\":1,\"name\":\"Startseite\",\"item\":\"https:\/\/www.wheelerdealertenerife.com\/es\/\"},{\"@type\":\"ListItem\",\"position\":2,\"name\":\"Sobre nosotros\"}]},{\"@type\":\"WebSite\",\"@id\":\"https:\/\/www.wheelerdealertenerife.com\/es\/#website\",\"url\":\"https:\/\/www.wheelerdealertenerife.com\/es\/\",\"name\":\"wheelerdealertenerife.com\",\"description\":\"Buying and Selling Used  New Cars Tenerife\",\"publisher\":{\"@id\":\"https:\/\/www.wheelerdealertenerife.com\/es\/#organization\"},\"potentialAction\":[{\"@type\":\"SearchAction\",\"target\":{\"@type\":\"EntryPoint\",\"urlTemplate\":\"https:\/\/www.wheelerdealertenerife.com\/es\/?s={search_term_string}\"},\"query-input\":\"required name=search_term_string\"}],\"inLanguage\":\"es\"},{\"@type\":\"Organization\",\"@id\":\"https:\/\/www.wheelerdealertenerife.com\/es\/#organization\",\"name\":\"Wheeler Dealear Tenerife S. L.\",\"url\":\"https:\/\/www.wheelerdealertenerife.com\/es\/\",\"logo\":{\"@type\":\"ImageObject\",\"inLanguage\":\"es\",\"@id\":\"https:\/\/www.wheelerdealertenerife.com\/es\/#\/schema\/logo\/image\/\",\"url\":\"https:\/\/www.wheelerdealertenerife.com\/wp-content\/uploads\/2019\/05\/logo-wheeler-dealer-big.png\",\"contentUrl\":\"https:\/\/www.wheelerdealertenerife.com\/wp-content\/uploads\/2019\/05\/logo-wheeler-dealer-big.png\",\"width\":600,\"height\":200,\"caption\":\"Wheeler Dealear Tenerife S. L.\"},\"image\":{\"@id\":\"https:\/\/www.wheelerdealertenerife.com\/es\/#\/schema\/logo\/image\/\"},\"sameAs\":[\"https:\/\/www.facebook.com\/WheelerDealersTenerife\/\"]}]}<\/script>\n<!-- \/ Yoast SEO plugin. -->","yoast_head_json":{"title":"Sobre nosotros - wheelerdealertenerife.com","description":"WELCOME TO WHEELER DEALER - Si usted est\u00e1 buscando grandes ahorros en la calidad de los coches usados en Tenerife, entonces usted ha llegado al lugar correcto.nos damos cuenta de que la compra de un coche usado puede ser una experiencia desalentadora, pero no se preocupeestamos establecidos aqu\u00ed en Tenerife desde 1994 y hemos ayudado a miles de expatriados para comprar y vender sus coches usados de calidad y tambi\u00e9n mantener toda la documentaci\u00f3n simple para que usted entienda todo lo que est\u00e1 pasando.adem\u00e1s, ofrecemos un excelente asesoramiento y experiencia en los veh\u00edculos y el mantenimiento del veh\u00edculo.nuestro personal amable ir\u00e1 la milla extra para garantizar que usted reciba el asesoramiento que necesita. Traducci\u00f3n realizada con la versi\u00f3n gratuita del traductor www.DeepL.com\/Translator No s\u00f3lo vendemos coches de segunda mano, sino que hacemos todo lo posible para que usted conduzca su coche perfecto.","robots":{"index":"index","follow":"follow","max-snippet":"max-snippet:-1","max-image-preview":"max-image-preview:large","max-video-preview":"max-video-preview:-1"},"canonical":"https:\/\/www.wheelerdealertenerife.com\/es\/sobre-nosotros\/","og_locale":"es_ES","og_type":"article","og_title":"Sobre nosotros - wheelerdealertenerife.com","og_description":"WELCOME TO WHEELER DEALER - Si usted est\u00e1 buscando grandes ahorros en la calidad de los coches usados en Tenerife, entonces usted ha llegado al lugar correcto.nos damos cuenta de que la compra de un coche usado puede ser una experiencia desalentadora, pero no se preocupeestamos establecidos aqu\u00ed en Tenerife desde 1994 y hemos ayudado a miles de expatriados para comprar y vender sus coches usados de calidad y tambi\u00e9n mantener toda la documentaci\u00f3n simple para que usted entienda todo lo que est\u00e1 pasando.adem\u00e1s, ofrecemos un excelente asesoramiento y experiencia en los veh\u00edculos y el mantenimiento del veh\u00edculo.nuestro personal amable ir\u00e1 la milla extra para garantizar que usted reciba el asesoramiento que necesita. Traducci\u00f3n realizada con la versi\u00f3n gratuita del traductor www.DeepL.com\/Translator No s\u00f3lo vendemos coches de segunda mano, sino que hacemos todo lo posible para que usted conduzca su coche perfecto.","og_url":"https:\/\/www.wheelerdealertenerife.com\/es\/sobre-nosotros\/","og_site_name":"wheelerdealertenerife.com","article_publisher":"https:\/\/www.facebook.com\/WheelerDealersTenerife\/","article_modified_time":"2022-02-10T16:35:13+00:00","twitter_card":"summary_large_image","twitter_misc":{"Tiempo de lectura":"2 minutos"},"schema":{"@context":"https:\/\/schema.org","@graph":[{"@type":"WebPage","@id":"https:\/\/www.wheelerdealertenerife.com\/es\/sobre-nosotros\/","url":"https:\/\/www.wheelerdealertenerife.com\/es\/sobre-nosotros\/","name":"Sobre nosotros - wheelerdealertenerife.com","isPartOf":{"@id":"https:\/\/www.wheelerdealertenerife.com\/es\/#website"},"datePublished":"2015-10-22T03:04:43+00:00","dateModified":"2022-02-10T16:35:13+00:00","description":"WELCOME TO WHEELER DEALER - Si usted est\u00e1 buscando grandes ahorros en la calidad de los coches usados en Tenerife, entonces usted ha llegado al lugar correcto.nos damos cuenta de que la compra de un coche usado puede ser una experiencia desalentadora, pero no se preocupeestamos establecidos aqu\u00ed en Tenerife desde 1994 y hemos ayudado a miles de expatriados para comprar y vender sus coches usados de calidad y tambi\u00e9n mantener toda la documentaci\u00f3n simple para que usted entienda todo lo que est\u00e1 pasando.adem\u00e1s, ofrecemos un excelente asesoramiento y experiencia en los veh\u00edculos y el mantenimiento del veh\u00edculo.nuestro personal amable ir\u00e1 la milla extra para garantizar que usted reciba el asesoramiento que necesita. Traducci\u00f3n realizada con la versi\u00f3n gratuita del traductor www.DeepL.com\/Translator No s\u00f3lo vendemos coches de segunda mano, sino que hacemos todo lo posible para que usted conduzca su coche perfecto.","breadcrumb":{"@id":"https:\/\/www.wheelerdealertenerife.com\/es\/sobre-nosotros\/#breadcrumb"},"inLanguage":"es","potentialAction":[{"@type":"ReadAction","target":["https:\/\/www.wheelerdealertenerife.com\/es\/sobre-nosotros\/"]}]},{"@type":"BreadcrumbList","@id":"https:\/\/www.wheelerdealertenerife.com\/es\/sobre-nosotros\/#breadcrumb","itemListElement":[{"@type":"ListItem","position":1,"name":"Startseite","item":"https:\/\/www.wheelerdealertenerife.com\/es\/"},{"@type":"ListItem","position":2,"name":"Sobre nosotros"}]},{"@type":"WebSite","@id":"https:\/\/www.wheelerdealertenerife.com\/es\/#website","url":"https:\/\/www.wheelerdealertenerife.com\/es\/","name":"wheelerdealertenerife.com","description":"Buying and Selling Used  New Cars Tenerife","publisher":{"@id":"https:\/\/www.wheelerdealertenerife.com\/es\/#organization"},"potentialAction":[{"@type":"SearchAction","target":{"@type":"EntryPoint","urlTemplate":"https:\/\/www.wheelerdealertenerife.com\/es\/?s={search_term_string}"},"query-input":"required name=search_term_string"}],"inLanguage":"es"},{"@type":"Organization","@id":"https:\/\/www.wheelerdealertenerife.com\/es\/#organization","name":"Wheeler Dealear Tenerife S. L.","url":"https:\/\/www.wheelerdealertenerife.com\/es\/","logo":{"@type":"ImageObject","inLanguage":"es","@id":"https:\/\/www.wheelerdealertenerife.com\/es\/#\/schema\/logo\/image\/","url":"https:\/\/www.wheelerdealertenerife.com\/wp-content\/uploads\/2019\/05\/logo-wheeler-dealer-big.png","contentUrl":"https:\/\/www.wheelerdealertenerife.com\/wp-content\/uploads\/2019\/05\/logo-wheeler-dealer-big.png","width":600,"height":200,"caption":"Wheeler Dealear Tenerife S. L."},"image":{"@id":"https:\/\/www.wheelerdealertenerife.com\/es\/#\/schema\/logo\/image\/"},"sameAs":["https:\/\/www.facebook.com\/WheelerDealersTenerife\/"]}]}},"_links":{"self":[{"href":"https:\/\/www.wheelerdealertenerife.com\/es\/wp-json\/wp\/v2\/pages\/3484"}],"collection":[{"href":"https:\/\/www.wheelerdealertenerife.com\/es\/wp-json\/wp\/v2\/pages"}],"about":[{"href":"https:\/\/www.wheelerdealertenerife.com\/es\/wp-json\/wp\/v2\/types\/page"}],"author":[{"embeddable":true,"href":"https:\/\/www.wheelerdealertenerife.com\/es\/wp-json\/wp\/v2\/users\/5"}],"replies":[{"embeddable":true,"href":"https:\/\/www.wheelerdealertenerife.com\/es\/wp-json\/wp\/v2\/comments?post=3484"}],"version-history":[{"count":0,"href":"https:\/\/www.wheelerdealertenerife.com\/es\/wp-json\/wp\/v2\/pages\/3484\/revisions"}],"wp:attachment":[{"href":"https:\/\/www.wheelerdealertenerife.com\/es\/wp-json\/wp\/v2\/media?parent=3484"}],"curies":[{"name":"wp","href":"https:\/\/api.w.org\/{rel}","templated":true}]}}