{"id":3487,"date":"2019-11-16T10:58:59","date_gmt":"2019-11-16T10:58:59","guid":{"rendered":"https:\/\/wheelerdealertenerife.com\/car-listing\/"},"modified":"2022-02-10T16:43:08","modified_gmt":"2022-02-10T16:43:08","slug":"nuestros-coches","status":"publish","type":"page","link":"https:\/\/www.wheelerdealertenerife.com\/es\/nuestros-coches\/","title":{"rendered":"Car Listing"},"content":{"rendered":"<p>[vc_row][vc_column][vc_raw_html]PHNjcmlwdCBhc3luYyBzcmM9Imh0dHBzOi8vcGFnZWFkMi5nb29nbGVzeW5kaWNhdGlvbi5jb20vcGFnZWFkL2pzL2Fkc2J5Z29vZ2xlLmpzIj48L3NjcmlwdD48aW5zIGNsYXNzPSJhZHNieWdvb2dsZSIgc3R5bGU9ImRpc3BsYXk6YmxvY2siIGRhdGEtYWQtZm9ybWF0PSJmbHVpZCIgZGF0YS1hZC1sYXlvdXQta2V5PSItZzItZSs4Mi1hbC1hciIgZGF0YS1hZC1jbGllbnQ9ImNhLXB1Yi0xODU2MjUyOTc5MjQwNDg2IiBkYXRhLWFkLXNsb3Q9Ijc2MDIyOTEwNjAiPjwvaW5zPjxzY3JpcHQ+KGFkc2J5Z29vZ2xlID0gd2luZG93LmFkc2J5Z29vZ2xlIHx8IFtdKS5wdXNoKHt9KTsKPC9zY3JpcHQ+[\/vc_raw_html][\/vc_column][\/vc_row][vc_row][vc_column][stm_classic_filter][\/vc_column][\/vc_row]<\/p>\n","protected":false},"excerpt":{"rendered":"<p>[vc_row][vc_column][vc_raw_html]PHNjcmlwdCBhc3luYyBzcmM9Imh0dHBzOi8vcGFnZWFkMi5nb29nbGVzeW5kaWNhdGlvbi5jb20vcGFnZWFkL2pzL2Fkc2J5Z29vZ2xlLmpzIj48L3NjcmlwdD48aW5zIGNsYXNzPSJhZHNieWdvb2dsZSIgc3R5bGU9ImRpc3BsYXk6YmxvY2siIGRhdGEtYWQtZm9ybWF0PSJmbHVpZCIgZGF0YS1hZC1sYXlvdXQta2V5PSItZzItZSs4Mi1hbC1hciIgZGF0YS1hZC1jbGllbnQ9ImNhLXB1Yi0xODU2MjUyOTc5MjQwNDg2IiBkYXRhLWFkLXNsb3Q9Ijc2MDIyOTEwNjAiPjwvaW5zPjxzY3JpcHQ+KGFkc2J5Z29vZ2xlID0gd2luZG93LmFkc2J5Z29vZ2xlIHx8IFtdKS5wdXNoKHt9KTsKPC9zY3JpcHQ+[\/vc_raw_html][\/vc_column][\/vc_row][vc_row][vc_column][stm_classic_filter][\/vc_column][\/vc_row]<\/p>\n","protected":false},"author":5,"featured_media":0,"parent":0,"menu_order":0,"comment_status":"closed","ping_status":"closed","template":"","meta":[],"yoast_head":"<!-- This site is optimized with the Yoast SEO plugin v20.6 - https:\/\/yoast.com\/wordpress\/plugins\/seo\/ -->\n<title>Car Listing - wheelerdealertenerife.com<\/title>\n<meta name=\"description\" content=\"Comprar un coche de segunda mano \/ Vender un coche de segunda mano - Reparaci\u00f3n mec\u00e1nica y servicio - Lavado y limpieza del coche - Papeles y cambios de documentaci\u00f3n - wheeler dealer tenerife\" \/>\n<meta name=\"robots\" content=\"index, follow, max-snippet:-1, max-image-preview:large, max-video-preview:-1\" \/>\n<link rel=\"canonical\" href=\"https:\/\/www.wheelerdealertenerife.com\/es\/nuestros-coches\/\" \/>\n<meta property=\"og:locale\" content=\"es_ES\" \/>\n<meta property=\"og:type\" content=\"article\" \/>\n<meta property=\"og:title\" content=\"Car Listing - wheelerdealertenerife.com\" \/>\n<meta property=\"og:description\" content=\"Comprar un coche de segunda mano \/ Vender un coche de segunda mano - Reparaci\u00f3n mec\u00e1nica y servicio - Lavado y limpieza del coche - Papeles y cambios de documentaci\u00f3n - wheeler dealer tenerife\" \/>\n<meta property=\"og:url\" content=\"https:\/\/www.wheelerdealertenerife.com\/es\/nuestros-coches\/\" \/>\n<meta property=\"og:site_name\" content=\"wheelerdealertenerife.com\" \/>\n<meta property=\"article:publisher\" content=\"https:\/\/www.facebook.com\/WheelerDealersTenerife\/\" \/>\n<meta property=\"article:modified_time\" content=\"2022-02-10T16:43:08+00:00\" \/>\n<meta name=\"twitter:card\" content=\"summary_large_image\" \/>\n<script type=\"application\/ld+json\" class=\"yoast-schema-graph\">{\"@context\":\"https:\/\/schema.org\",\"@graph\":[{\"@type\":\"WebPage\",\"@id\":\"https:\/\/www.wheelerdealertenerife.com\/es\/nuestros-coches\/\",\"url\":\"https:\/\/www.wheelerdealertenerife.com\/es\/nuestros-coches\/\",\"name\":\"Car Listing - wheelerdealertenerife.com\",\"isPartOf\":{\"@id\":\"https:\/\/www.wheelerdealertenerife.com\/es\/#website\"},\"datePublished\":\"2019-11-16T10:58:59+00:00\",\"dateModified\":\"2022-02-10T16:43:08+00:00\",\"description\":\"Comprar un coche de segunda mano \/ Vender un coche de segunda mano - Reparaci\u00f3n mec\u00e1nica y servicio - Lavado y limpieza del coche - Papeles y cambios de documentaci\u00f3n - wheeler dealer tenerife\",\"breadcrumb\":{\"@id\":\"https:\/\/www.wheelerdealertenerife.com\/es\/nuestros-coches\/#breadcrumb\"},\"inLanguage\":\"es\",\"potentialAction\":[{\"@type\":\"ReadAction\",\"target\":[\"https:\/\/www.wheelerdealertenerife.com\/es\/nuestros-coches\/\"]}]},{\"@type\":\"BreadcrumbList\",\"@id\":\"https:\/\/www.wheelerdealertenerife.com\/es\/nuestros-coches\/#breadcrumb\",\"itemListElement\":[{\"@type\":\"ListItem\",\"position\":1,\"name\":\"Startseite\",\"item\":\"https:\/\/www.wheelerdealertenerife.com\/es\/\"},{\"@type\":\"ListItem\",\"position\":2,\"name\":\"Car Listing\"}]},{\"@type\":\"WebSite\",\"@id\":\"https:\/\/www.wheelerdealertenerife.com\/es\/#website\",\"url\":\"https:\/\/www.wheelerdealertenerife.com\/es\/\",\"name\":\"wheelerdealertenerife.com\",\"description\":\"Buying and Selling Used  New Cars Tenerife\",\"publisher\":{\"@id\":\"https:\/\/www.wheelerdealertenerife.com\/es\/#organization\"},\"potentialAction\":[{\"@type\":\"SearchAction\",\"target\":{\"@type\":\"EntryPoint\",\"urlTemplate\":\"https:\/\/www.wheelerdealertenerife.com\/es\/?s={search_term_string}\"},\"query-input\":\"required name=search_term_string\"}],\"inLanguage\":\"es\"},{\"@type\":\"Organization\",\"@id\":\"https:\/\/www.wheelerdealertenerife.com\/es\/#organization\",\"name\":\"Wheeler Dealear Tenerife S. L.\",\"url\":\"https:\/\/www.wheelerdealertenerife.com\/es\/\",\"logo\":{\"@type\":\"ImageObject\",\"inLanguage\":\"es\",\"@id\":\"https:\/\/www.wheelerdealertenerife.com\/es\/#\/schema\/logo\/image\/\",\"url\":\"https:\/\/www.wheelerdealertenerife.com\/wp-content\/uploads\/2019\/05\/logo-wheeler-dealer-big.png\",\"contentUrl\":\"https:\/\/www.wheelerdealertenerife.com\/wp-content\/uploads\/2019\/05\/logo-wheeler-dealer-big.png\",\"width\":600,\"height\":200,\"caption\":\"Wheeler Dealear Tenerife S. L.\"},\"image\":{\"@id\":\"https:\/\/www.wheelerdealertenerife.com\/es\/#\/schema\/logo\/image\/\"},\"sameAs\":[\"https:\/\/www.facebook.com\/WheelerDealersTenerife\/\"]}]}<\/script>\n<!-- \/ Yoast SEO plugin. -->","yoast_head_json":{"title":"Car Listing - wheelerdealertenerife.com","description":"Comprar un coche de segunda mano \/ Vender un coche de segunda mano - Reparaci\u00f3n mec\u00e1nica y servicio - Lavado y limpieza del coche - Papeles y cambios de documentaci\u00f3n - wheeler dealer tenerife","robots":{"index":"index","follow":"follow","max-snippet":"max-snippet:-1","max-image-preview":"max-image-preview:large","max-video-preview":"max-video-preview:-1"},"canonical":"https:\/\/www.wheelerdealertenerife.com\/es\/nuestros-coches\/","og_locale":"es_ES","og_type":"article","og_title":"Car Listing - wheelerdealertenerife.com","og_description":"Comprar un coche de segunda mano \/ Vender un coche de segunda mano - Reparaci\u00f3n mec\u00e1nica y servicio - Lavado y limpieza del coche - Papeles y cambios de documentaci\u00f3n - wheeler dealer tenerife","og_url":"https:\/\/www.wheelerdealertenerife.com\/es\/nuestros-coches\/","og_site_name":"wheelerdealertenerife.com","article_publisher":"https:\/\/www.facebook.com\/WheelerDealersTenerife\/","article_modified_time":"2022-02-10T16:43:08+00:00","twitter_card":"summary_large_image","schema":{"@context":"https:\/\/schema.org","@graph":[{"@type":"WebPage","@id":"https:\/\/www.wheelerdealertenerife.com\/es\/nuestros-coches\/","url":"https:\/\/www.wheelerdealertenerife.com\/es\/nuestros-coches\/","name":"Car Listing - wheelerdealertenerife.com","isPartOf":{"@id":"https:\/\/www.wheelerdealertenerife.com\/es\/#website"},"datePublished":"2019-11-16T10:58:59+00:00","dateModified":"2022-02-10T16:43:08+00:00","description":"Comprar un coche de segunda mano \/ Vender un coche de segunda mano - Reparaci\u00f3n mec\u00e1nica y servicio - Lavado y limpieza del coche - Papeles y cambios de documentaci\u00f3n - wheeler dealer tenerife","breadcrumb":{"@id":"https:\/\/www.wheelerdealertenerife.com\/es\/nuestros-coches\/#breadcrumb"},"inLanguage":"es","potentialAction":[{"@type":"ReadAction","target":["https:\/\/www.wheelerdealertenerife.com\/es\/nuestros-coches\/"]}]},{"@type":"BreadcrumbList","@id":"https:\/\/www.wheelerdealertenerife.com\/es\/nuestros-coches\/#breadcrumb","itemListElement":[{"@type":"ListItem","position":1,"name":"Startseite","item":"https:\/\/www.wheelerdealertenerife.com\/es\/"},{"@type":"ListItem","position":2,"name":"Car Listing"}]},{"@type":"WebSite","@id":"https:\/\/www.wheelerdealertenerife.com\/es\/#website","url":"https:\/\/www.wheelerdealertenerife.com\/es\/","name":"wheelerdealertenerife.com","description":"Buying and Selling Used  New Cars Tenerife","publisher":{"@id":"https:\/\/www.wheelerdealertenerife.com\/es\/#organization"},"potentialAction":[{"@type":"SearchAction","target":{"@type":"EntryPoint","urlTemplate":"https:\/\/www.wheelerdealertenerife.com\/es\/?s={search_term_string}"},"query-input":"required name=search_term_string"}],"inLanguage":"es"},{"@type":"Organization","@id":"https:\/\/www.wheelerdealertenerife.com\/es\/#organization","name":"Wheeler Dealear Tenerife S. L.","url":"https:\/\/www.wheelerdealertenerife.com\/es\/","logo":{"@type":"ImageObject","inLanguage":"es","@id":"https:\/\/www.wheelerdealertenerife.com\/es\/#\/schema\/logo\/image\/","url":"https:\/\/www.wheelerdealertenerife.com\/wp-content\/uploads\/2019\/05\/logo-wheeler-dealer-big.png","contentUrl":"https:\/\/www.wheelerdealertenerife.com\/wp-content\/uploads\/2019\/05\/logo-wheeler-dealer-big.png","width":600,"height":200,"caption":"Wheeler Dealear Tenerife S. L."},"image":{"@id":"https:\/\/www.wheelerdealertenerife.com\/es\/#\/schema\/logo\/image\/"},"sameAs":["https:\/\/www.facebook.com\/WheelerDealersTenerife\/"]}]}},"_links":{"self":[{"href":"https:\/\/www.wheelerdealertenerife.com\/es\/wp-json\/wp\/v2\/pages\/3487"}],"collection":[{"href":"https:\/\/www.wheelerdealertenerife.com\/es\/wp-json\/wp\/v2\/pages"}],"about":[{"href":"https:\/\/www.wheelerdealertenerife.com\/es\/wp-json\/wp\/v2\/types\/page"}],"author":[{"embeddable":true,"href":"https:\/\/www.wheelerdealertenerife.com\/es\/wp-json\/wp\/v2\/users\/5"}],"replies":[{"embeddable":true,"href":"https:\/\/www.wheelerdealertenerife.com\/es\/wp-json\/wp\/v2\/comments?post=3487"}],"version-history":[{"count":0,"href":"https:\/\/www.wheelerdealertenerife.com\/es\/wp-json\/wp\/v2\/pages\/3487\/revisions"}],"wp:attachment":[{"href":"https:\/\/www.wheelerdealertenerife.com\/es\/wp-json\/wp\/v2\/media?parent=3487"}],"curies":[{"name":"wp","href":"https:\/\/api.w.org\/{rel}","templated":true}]}}