{"id":6665,"date":"2020-07-22T09:36:00","date_gmt":"2020-07-22T08:36:00","guid":{"rendered":"https:\/\/www.wheelerdealertenerife.com\/comprar-y-vender-un-coche-como-cambiar-el-papeleo-y-los-documentos-necesarios\/"},"modified":"2020-07-22T09:36:00","modified_gmt":"2020-07-22T08:36:00","slug":"comprar-y-vender-un-coche-como-cambiar-el-papeleo-y-los-documentos-necesarios","status":"publish","type":"page","link":"https:\/\/www.wheelerdealertenerife.com\/es\/comprar-y-vender-un-coche-como-cambiar-el-papeleo-y-los-documentos-necesarios\/","title":{"rendered":"Comprar y vender un coche &#8211; C\u00f3mo cambiar el papeleo y los documentos necesarios"},"content":{"rendered":"<p>Fotocopias del vendedor de:<\/p>\n<ul>\n<li>NIF O si no es espa\u00f1ol<\/li>\n<li>NIE blanco en la fecha m\u00e1s Pasaporte O Certificado de Registro m\u00e1s pasaporte<\/li>\n<\/ul>\n<p>&nbsp;<\/p>\n<ul>\n<li>Los originales de: Ficha T\u00e9cnica (Libro de registro del coche) DEBEN tener el sello de la ITV vigente con al menos 1 mes de vigencia.<\/li>\n<\/ul>\n<p>(en caso contrario, el veh\u00edculo no podr\u00e1 circular por las carreteras hasta que pase la prueba de la ITV)<\/p>\n<ul>\n<li>Permiso de Circulaci\u00f3n que coincida con el nombre de los documentos anteriores &#8211; esto es para asegurarse de que la persona que est\u00e1 vendiendo es realmente el propietario registrado<\/li>\n<li>Recibo del rodaje actual (impuesto de circulaci\u00f3n)<\/li>\n<li>Datos de la direcci\u00f3n actual<\/li>\n<\/ul>\n<p>El vendedor debe solicitar una copia del nuevo Permiso de Circulaci\u00f3n para demostrar que el veh\u00edculo ha sido transferido en el plazo de un mes desde la fecha de la firma del contrato.<\/p>\n<p>Originales de:<\/p>\n<ul>\n<li>NIF O si no es espa\u00f1ol NIE blanco en la fecha m\u00e1s pasaporte O ciudadano de la UE certificado de registro m\u00e1s pasaporte. Si la direcci\u00f3n que figura en la documentaci\u00f3n de residencia del comprador no es su direcci\u00f3n real O si s\u00f3lo tiene un documento NIE de no residente blanco, tambi\u00e9n se requiere un certificado de empadronamiento ACTUAL.<\/li>\n<li>Ambas partes deben firmar una Compraventa (que se genera con el mismo programa que el modelo 620)<\/li>\n<\/ul>\n<p>NO introduzca un precio &#8211; debe llamar por tel\u00e9fono o utilizar el programa 620 para que le confirmen el precio oficial del libro.<\/p>\n<ul>\n<li>Ambas partes firman la solicitud de traspaso y firman los documentos de autorizaci\u00f3n para actuar en nombre del comprador y del vendedor Modelo 620,<\/li>\n<li>Est\u00e9 preparado para pagar el impuesto de transferencia del 5,5 % del valor contable del coche o 115 euros como m\u00ednimo (lo que sea mayor) que se presenta a la Administraci\u00f3n Tributaria Canaria, m\u00e1s 54 euros (excepto ciclomotores 27 euros) por las tasas de Tr\u00e1fico m\u00e1s los honorarios del gestor, si procede. Tenga en cuenta que las transacciones en Trafico son estrictamente con cita previa.<\/li>\n<\/ul>\n<p>IMPORTANTE:<\/p>\n<ul>\n<li>Antes de solicitar el cambio de titularidad del veh\u00edculo deber\u00e1 Anular cualquier restricci\u00f3n de uso del veh\u00edculo que pudiera estar inscrita en el Registro de Bienes Muebles, salvo que la Financiera d\u00e9 su consentimiento expreso. Pagar las sanciones impuestas por las infracciones de tr\u00e1fico inscritas en el Registro de Veh\u00edculos. Pagar el Impuesto de Circulaci\u00f3n del a\u00f1o anterior.<\/li>\n<li>Debido a esto le aconsejamos encarecidamente; El comprador para obtener tambi\u00e9n un informe sobre el veh\u00edculo de Trafico antes de comprar &#8211; costo en el Internet alrededor de 35 euros (menos en persona con cita previa). Esto incluir\u00e1<\/li>\n<li>si el veh\u00edculo est\u00e1 autorizado a circular por la carretera<\/li>\n<li>Fecha de expiraci\u00f3n de la ITV<\/li>\n<li>Pr\u00e9stamos o embargos que impidan la transferencia del veh\u00edculo a nombre del comprador<\/li>\n<\/ul>\n<p>&nbsp;<\/p>\n<p>fuente:<\/p>\n<p><a href=\"https:\/\/sede.dgt.gob.es\/Galerias\/tramites-y-multas\/tu-coche\/cambio-titularidad\/01\/01-Cambio-titularidad-vehiculo-INGLES-04-04-2016.pdf\" target=\"_blank\" rel=\"noopener noreferrer\">https:\/\/sede.dgt.gob.es\/Galerias\/tramites-y-multas\/tu-coche\/cambio-titularidad\/01\/01-Cambio-titularidad-vehiculo-INGLES-04-04-2016.pdf<\/a><\/p>\n<p>Una ITV es el equivalente espa\u00f1ol de una revisi\u00f3n de veh\u00edculos. Puede reservar una cita en l\u00ednea (en ingl\u00e9s) aqu\u00ed<a href=\"http:\/\/www.applusiteuve.com\/esp\/index_home.html\" target=\"_blank\" rel=\"noopener noreferrer\"><\/a><\/p>\n<p>&nbsp;<\/p>\n<p><img loading=\"lazy\" class=\" wp-image-3317 aligncenter\" src=\"https:\/\/www.wheelerdealertenerife.com\/wp-content\/uploads\/2019\/05\/logo-wheeler-dealer-big-300x100.png\" alt=\"\" width=\"330\" height=\"110\" srcset=\"https:\/\/www.wheelerdealertenerife.com\/wp-content\/uploads\/2019\/05\/logo-wheeler-dealer-big-300x100.png 300w, https:\/\/www.wheelerdealertenerife.com\/wp-content\/uploads\/2019\/05\/logo-wheeler-dealer-big.png 600w\" sizes=\"(max-width: 330px) 100vw, 330px\" \/><\/p>\n","protected":false},"excerpt":{"rendered":"<p>Fotocopias del vendedor de: NIF O si no es espa\u00f1ol NIE blanco en la fecha m\u00e1s Pasaporte O Certificado de Registro m\u00e1s pasaporte &nbsp; Los originales de: Ficha T\u00e9cnica (Libro de registro del coche) DEBEN tener el sello de la ITV vigente con al menos 1 mes de vigencia. (en caso contrario, el veh\u00edculo no&#8230;<\/p>\n","protected":false},"author":4,"featured_media":0,"parent":0,"menu_order":0,"comment_status":"closed","ping_status":"closed","template":"","meta":[],"yoast_head":"<!-- This site is optimized with the Yoast SEO plugin v20.6 - https:\/\/yoast.com\/wordpress\/plugins\/seo\/ -->\n<title>Compra y venta de coches - Cambio de papeles - Wheeler Dealer Tenerife<\/title>\n<meta name=\"description\" content=\"NIF O si no es espa\u00f1ol NIE blanco en la fecha m\u00e1s pasaporte O ciudadano de la UE certificado de registro m\u00e1s pasaporte. Si la direcci\u00f3n que figura en la documentaci\u00f3n de residencia del comprador no es su direcci\u00f3n real O si s\u00f3lo tiene un documento NIE de no residente blanco, tambi\u00e9n se requiere un certificado de empadronamiento ACTUAL.Ambas partes deben firmar una Compraventa (modelo 620)\" \/>\n<meta name=\"robots\" content=\"index, follow, max-snippet:-1, max-image-preview:large, max-video-preview:-1\" \/>\n<link rel=\"canonical\" href=\"https:\/\/www.wheelerdealertenerife.com\/es\/comprar-y-vender-un-coche-como-cambiar-el-papeleo-y-los-documentos-necesarios\/\" \/>\n<meta property=\"og:locale\" content=\"es_ES\" \/>\n<meta property=\"og:type\" content=\"article\" \/>\n<meta property=\"og:title\" content=\"Compra y venta de coches - Cambio de papeles - Wheeler Dealer Tenerife\" \/>\n<meta property=\"og:description\" content=\"NIF O si no es espa\u00f1ol NIE blanco en la fecha m\u00e1s pasaporte O ciudadano de la UE certificado de registro m\u00e1s pasaporte. Si la direcci\u00f3n que figura en la documentaci\u00f3n de residencia del comprador no es su direcci\u00f3n real O si s\u00f3lo tiene un documento NIE de no residente blanco, tambi\u00e9n se requiere un certificado de empadronamiento ACTUAL.Ambas partes deben firmar una Compraventa (modelo 620)\" \/>\n<meta property=\"og:url\" content=\"https:\/\/www.wheelerdealertenerife.com\/es\/comprar-y-vender-un-coche-como-cambiar-el-papeleo-y-los-documentos-necesarios\/\" \/>\n<meta property=\"og:site_name\" content=\"wheelerdealertenerife.com\" \/>\n<meta property=\"article:publisher\" content=\"https:\/\/www.facebook.com\/WheelerDealersTenerife\/\" \/>\n<meta property=\"og:image\" content=\"https:\/\/www.wheelerdealertenerife.com\/wp-content\/uploads\/2019\/05\/logo-wheeler-dealer-big-300x100.png\" \/>\n<meta name=\"twitter:card\" content=\"summary_large_image\" \/>\n<meta name=\"twitter:label1\" content=\"Tiempo de lectura\" \/>\n\t<meta name=\"twitter:data1\" content=\"3 minutos\" \/>\n<script type=\"application\/ld+json\" class=\"yoast-schema-graph\">{\"@context\":\"https:\/\/schema.org\",\"@graph\":[{\"@type\":\"WebPage\",\"@id\":\"https:\/\/www.wheelerdealertenerife.com\/es\/comprar-y-vender-un-coche-como-cambiar-el-papeleo-y-los-documentos-necesarios\/\",\"url\":\"https:\/\/www.wheelerdealertenerife.com\/es\/comprar-y-vender-un-coche-como-cambiar-el-papeleo-y-los-documentos-necesarios\/\",\"name\":\"Compra y venta de coches - Cambio de papeles - Wheeler Dealer Tenerife\",\"isPartOf\":{\"@id\":\"https:\/\/www.wheelerdealertenerife.com\/es\/#website\"},\"datePublished\":\"2020-07-22T08:36:00+00:00\",\"dateModified\":\"2020-07-22T08:36:00+00:00\",\"description\":\"NIF O si no es espa\u00f1ol NIE blanco en la fecha m\u00e1s pasaporte O ciudadano de la UE certificado de registro m\u00e1s pasaporte. Si la direcci\u00f3n que figura en la documentaci\u00f3n de residencia del comprador no es su direcci\u00f3n real O si s\u00f3lo tiene un documento NIE de no residente blanco, tambi\u00e9n se requiere un certificado de empadronamiento ACTUAL.Ambas partes deben firmar una Compraventa (modelo 620)\",\"breadcrumb\":{\"@id\":\"https:\/\/www.wheelerdealertenerife.com\/es\/comprar-y-vender-un-coche-como-cambiar-el-papeleo-y-los-documentos-necesarios\/#breadcrumb\"},\"inLanguage\":\"es\",\"potentialAction\":[{\"@type\":\"ReadAction\",\"target\":[\"https:\/\/www.wheelerdealertenerife.com\/es\/comprar-y-vender-un-coche-como-cambiar-el-papeleo-y-los-documentos-necesarios\/\"]}]},{\"@type\":\"BreadcrumbList\",\"@id\":\"https:\/\/www.wheelerdealertenerife.com\/es\/comprar-y-vender-un-coche-como-cambiar-el-papeleo-y-los-documentos-necesarios\/#breadcrumb\",\"itemListElement\":[{\"@type\":\"ListItem\",\"position\":1,\"name\":\"Startseite\",\"item\":\"https:\/\/www.wheelerdealertenerife.com\/es\/\"},{\"@type\":\"ListItem\",\"position\":2,\"name\":\"Comprar y vender un coche &#8211; C\u00f3mo cambiar el papeleo y los documentos necesarios\"}]},{\"@type\":\"WebSite\",\"@id\":\"https:\/\/www.wheelerdealertenerife.com\/es\/#website\",\"url\":\"https:\/\/www.wheelerdealertenerife.com\/es\/\",\"name\":\"wheelerdealertenerife.com\",\"description\":\"Buying and Selling Used  New Cars Tenerife\",\"publisher\":{\"@id\":\"https:\/\/www.wheelerdealertenerife.com\/es\/#organization\"},\"potentialAction\":[{\"@type\":\"SearchAction\",\"target\":{\"@type\":\"EntryPoint\",\"urlTemplate\":\"https:\/\/www.wheelerdealertenerife.com\/es\/?s={search_term_string}\"},\"query-input\":\"required name=search_term_string\"}],\"inLanguage\":\"es\"},{\"@type\":\"Organization\",\"@id\":\"https:\/\/www.wheelerdealertenerife.com\/es\/#organization\",\"name\":\"Wheeler Dealear Tenerife S. L.\",\"url\":\"https:\/\/www.wheelerdealertenerife.com\/es\/\",\"logo\":{\"@type\":\"ImageObject\",\"inLanguage\":\"es\",\"@id\":\"https:\/\/www.wheelerdealertenerife.com\/es\/#\/schema\/logo\/image\/\",\"url\":\"https:\/\/www.wheelerdealertenerife.com\/wp-content\/uploads\/2019\/05\/logo-wheeler-dealer-big.png\",\"contentUrl\":\"https:\/\/www.wheelerdealertenerife.com\/wp-content\/uploads\/2019\/05\/logo-wheeler-dealer-big.png\",\"width\":600,\"height\":200,\"caption\":\"Wheeler Dealear Tenerife S. L.\"},\"image\":{\"@id\":\"https:\/\/www.wheelerdealertenerife.com\/es\/#\/schema\/logo\/image\/\"},\"sameAs\":[\"https:\/\/www.facebook.com\/WheelerDealersTenerife\/\"]}]}<\/script>\n<!-- \/ Yoast SEO plugin. -->","yoast_head_json":{"title":"Compra y venta de coches - Cambio de papeles - Wheeler Dealer Tenerife","description":"NIF O si no es espa\u00f1ol NIE blanco en la fecha m\u00e1s pasaporte O ciudadano de la UE certificado de registro m\u00e1s pasaporte. Si la direcci\u00f3n que figura en la documentaci\u00f3n de residencia del comprador no es su direcci\u00f3n real O si s\u00f3lo tiene un documento NIE de no residente blanco, tambi\u00e9n se requiere un certificado de empadronamiento ACTUAL.Ambas partes deben firmar una Compraventa (modelo 620)","robots":{"index":"index","follow":"follow","max-snippet":"max-snippet:-1","max-image-preview":"max-image-preview:large","max-video-preview":"max-video-preview:-1"},"canonical":"https:\/\/www.wheelerdealertenerife.com\/es\/comprar-y-vender-un-coche-como-cambiar-el-papeleo-y-los-documentos-necesarios\/","og_locale":"es_ES","og_type":"article","og_title":"Compra y venta de coches - Cambio de papeles - Wheeler Dealer Tenerife","og_description":"NIF O si no es espa\u00f1ol NIE blanco en la fecha m\u00e1s pasaporte O ciudadano de la UE certificado de registro m\u00e1s pasaporte. Si la direcci\u00f3n que figura en la documentaci\u00f3n de residencia del comprador no es su direcci\u00f3n real O si s\u00f3lo tiene un documento NIE de no residente blanco, tambi\u00e9n se requiere un certificado de empadronamiento ACTUAL.Ambas partes deben firmar una Compraventa (modelo 620)","og_url":"https:\/\/www.wheelerdealertenerife.com\/es\/comprar-y-vender-un-coche-como-cambiar-el-papeleo-y-los-documentos-necesarios\/","og_site_name":"wheelerdealertenerife.com","article_publisher":"https:\/\/www.facebook.com\/WheelerDealersTenerife\/","og_image":[{"url":"https:\/\/www.wheelerdealertenerife.com\/wp-content\/uploads\/2019\/05\/logo-wheeler-dealer-big-300x100.png"}],"twitter_card":"summary_large_image","twitter_misc":{"Tiempo de lectura":"3 minutos"},"schema":{"@context":"https:\/\/schema.org","@graph":[{"@type":"WebPage","@id":"https:\/\/www.wheelerdealertenerife.com\/es\/comprar-y-vender-un-coche-como-cambiar-el-papeleo-y-los-documentos-necesarios\/","url":"https:\/\/www.wheelerdealertenerife.com\/es\/comprar-y-vender-un-coche-como-cambiar-el-papeleo-y-los-documentos-necesarios\/","name":"Compra y venta de coches - Cambio de papeles - Wheeler Dealer Tenerife","isPartOf":{"@id":"https:\/\/www.wheelerdealertenerife.com\/es\/#website"},"datePublished":"2020-07-22T08:36:00+00:00","dateModified":"2020-07-22T08:36:00+00:00","description":"NIF O si no es espa\u00f1ol NIE blanco en la fecha m\u00e1s pasaporte O ciudadano de la UE certificado de registro m\u00e1s pasaporte. Si la direcci\u00f3n que figura en la documentaci\u00f3n de residencia del comprador no es su direcci\u00f3n real O si s\u00f3lo tiene un documento NIE de no residente blanco, tambi\u00e9n se requiere un certificado de empadronamiento ACTUAL.Ambas partes deben firmar una Compraventa (modelo 620)","breadcrumb":{"@id":"https:\/\/www.wheelerdealertenerife.com\/es\/comprar-y-vender-un-coche-como-cambiar-el-papeleo-y-los-documentos-necesarios\/#breadcrumb"},"inLanguage":"es","potentialAction":[{"@type":"ReadAction","target":["https:\/\/www.wheelerdealertenerife.com\/es\/comprar-y-vender-un-coche-como-cambiar-el-papeleo-y-los-documentos-necesarios\/"]}]},{"@type":"BreadcrumbList","@id":"https:\/\/www.wheelerdealertenerife.com\/es\/comprar-y-vender-un-coche-como-cambiar-el-papeleo-y-los-documentos-necesarios\/#breadcrumb","itemListElement":[{"@type":"ListItem","position":1,"name":"Startseite","item":"https:\/\/www.wheelerdealertenerife.com\/es\/"},{"@type":"ListItem","position":2,"name":"Comprar y vender un coche &#8211; C\u00f3mo cambiar el papeleo y los documentos necesarios"}]},{"@type":"WebSite","@id":"https:\/\/www.wheelerdealertenerife.com\/es\/#website","url":"https:\/\/www.wheelerdealertenerife.com\/es\/","name":"wheelerdealertenerife.com","description":"Buying and Selling Used  New Cars Tenerife","publisher":{"@id":"https:\/\/www.wheelerdealertenerife.com\/es\/#organization"},"potentialAction":[{"@type":"SearchAction","target":{"@type":"EntryPoint","urlTemplate":"https:\/\/www.wheelerdealertenerife.com\/es\/?s={search_term_string}"},"query-input":"required name=search_term_string"}],"inLanguage":"es"},{"@type":"Organization","@id":"https:\/\/www.wheelerdealertenerife.com\/es\/#organization","name":"Wheeler Dealear Tenerife S. L.","url":"https:\/\/www.wheelerdealertenerife.com\/es\/","logo":{"@type":"ImageObject","inLanguage":"es","@id":"https:\/\/www.wheelerdealertenerife.com\/es\/#\/schema\/logo\/image\/","url":"https:\/\/www.wheelerdealertenerife.com\/wp-content\/uploads\/2019\/05\/logo-wheeler-dealer-big.png","contentUrl":"https:\/\/www.wheelerdealertenerife.com\/wp-content\/uploads\/2019\/05\/logo-wheeler-dealer-big.png","width":600,"height":200,"caption":"Wheeler Dealear Tenerife S. L."},"image":{"@id":"https:\/\/www.wheelerdealertenerife.com\/es\/#\/schema\/logo\/image\/"},"sameAs":["https:\/\/www.facebook.com\/WheelerDealersTenerife\/"]}]}},"_links":{"self":[{"href":"https:\/\/www.wheelerdealertenerife.com\/es\/wp-json\/wp\/v2\/pages\/6665"}],"collection":[{"href":"https:\/\/www.wheelerdealertenerife.com\/es\/wp-json\/wp\/v2\/pages"}],"about":[{"href":"https:\/\/www.wheelerdealertenerife.com\/es\/wp-json\/wp\/v2\/types\/page"}],"author":[{"embeddable":true,"href":"https:\/\/www.wheelerdealertenerife.com\/es\/wp-json\/wp\/v2\/users\/4"}],"replies":[{"embeddable":true,"href":"https:\/\/www.wheelerdealertenerife.com\/es\/wp-json\/wp\/v2\/comments?post=6665"}],"version-history":[{"count":0,"href":"https:\/\/www.wheelerdealertenerife.com\/es\/wp-json\/wp\/v2\/pages\/6665\/revisions"}],"wp:attachment":[{"href":"https:\/\/www.wheelerdealertenerife.com\/es\/wp-json\/wp\/v2\/media?parent=6665"}],"curies":[{"name":"wp","href":"https:\/\/api.w.org\/{rel}","templated":true}]}}